{"id":8948,"date":"2018-10-08T17:36:07","date_gmt":"2018-10-08T10:36:07","guid":{"rendered":"http:\/\/nnkt.ueh.edu.vn\/?page_id=8948"},"modified":"2020-10-06T09:56:34","modified_gmt":"2020-10-06T02:56:34","slug":"phieu-de-nghi-xet-mien-hoc-va-chuyen-diem","status":"publish","type":"page","link":"https:\/\/nnkt.ueh.edu.vn\/index.php\/phieu-de-nghi-xet-mien-hoc-va-chuyen-diem\/","title":{"rendered":"PHI\u1ebeU \u0110\u1ec0 NGH\u1eca X\u00c9T MI\u1ec4N H\u1eccC C\u00c1C H\u1eccC PH\u1ea6N T\u1ebeNG ANH"},"content":{"rendered":"\n                <div class='gf_browser_gecko gform_wrapper' id='gform_wrapper_5' ><form method='post' enctype='multipart\/form-data'  id='gform_5'  action='\/index.php\/wp-json\/wp\/v2\/pages\/8948'>\n                        <div class='gform_body'><ul id='gform_fields_5' class='gform_fields left_label form_sublabel_below description_below'><li id='field_5_1'  class='gfield gfield_contains_required field_sublabel_below field_description_below gfield_visibility_visible' ><label class='gfield_label gfield_label_before_complex' for='input_5_1_3' >H\u1ecd v\u00e0 T\u00ean<span class='gfield_required'>*<\/span><\/label><div class='ginput_complex ginput_container no_prefix has_first_name no_middle_name has_last_name no_suffix gf_name_has_2 ginput_container_name gfield_trigger_change' id='input_5_1'>\n                            \n                            <span id='input_5_1_3_container' class='name_first' >\n                                                    <input type='text' name='input_1.3' id='input_5_1_3' value='' aria-label='First name'   aria-required=\"true\" aria-invalid=\"false\" placeholder='H\u1ecd'\/>\n                                                    <label for='input_5_1_3' >H\u1ecd v\u00e0 T\u00ean l\u00f3t. TD: Hu\u1ef3nh V\u0103n..<\/label>\n                                                <\/span>\n                            \n                            <span id='input_5_1_6_container' class='name_last' >\n                                                    <input type='text' name='input_1.6' id='input_5_1_6' value='' aria-label='Last name'   aria-required=\"true\" aria-invalid=\"false\" placeholder='T\u00ean'\/>\n                                                    <label for='input_5_1_6' >Ch\u1ec9 c\u00f3 T\u00ean. TD: Tu\u1ea5n<\/label>\n                                                <\/span>\n                            \n                        <\/div><\/li><li id='field_5_2'  class='gfield gfield_contains_required field_sublabel_below field_description_below gfield_visibility_visible' ><label class='gfield_label' for='input_5_2' >Ng\u00e0y Th\u00e1ng N\u0103m sinh<span class='gfield_required'>*<\/span><\/label><div class='ginput_container ginput_container_date'>\n                            <input name='input_2' id='input_5_2' type='text' value='' class='datepicker medium dmy datepicker_with_icon'   \/>\n                        <\/div>\n                        <input type='hidden' id='gforms_calendar_icon_input_5_2' class='gform_hidden' value='https:\/\/nnkt.ueh.edu.vn\/wp-content\/plugins\/gravityforms\/images\/calendar.png'\/><\/li><li id='field_5_3'  class='gfield gf_left_third gfield_contains_required field_sublabel_below field_description_below gfield_visibility_visible' ><label class='gfield_label' for='input_5_3' >Kh\u00f3a<span class='gfield_required'>*<\/span><\/label><div class='ginput_container ginput_container_text'><input name='input_3' id='input_5_3' type='text' value='' class='small'     aria-required=\"true\" aria-invalid=\"false\" \/><\/div><\/li><li id='field_5_4'  class='gfield gf_middle_third field_sublabel_below field_description_below gfield_visibility_visible' ><label class='gfield_label' for='input_5_4' >Chuy\u00ean ng\u00e0nh<\/label><div class='ginput_container ginput_container_text'><input name='input_4' id='input_5_4' type='text' value='' class='small'      aria-invalid=\"false\" \/><\/div><\/li><li id='field_5_5'  class='gfield gf_right_third gfield_contains_required field_sublabel_below field_description_below gfield_visibility_visible' ><label class='gfield_label' for='input_5_5' >M\u00e3 s\u1ed1 sinh vi\u00ean<span class='gfield_required'>*<\/span><\/label><div class='ginput_container ginput_container_text'><input name='input_5' id='input_5_5' type='text' value='' class='small'     aria-required=\"true\" aria-invalid=\"false\" \/><\/div><\/li><li id='field_5_6'  class='gfield gf_left_half field_sublabel_below field_description_below gfield_visibility_visible' ><label class='gfield_label' for='input_5_6' >Phone<\/label><div class='ginput_container ginput_container_phone'><input name='input_6' id='input_5_6' type='text' value='' class='medium'     aria-invalid=\"false\" \/><\/div><\/li><li id='field_5_7'  class='gfield gf_right_half gfield_contains_required field_sublabel_below field_description_below gfield_visibility_visible' ><label class='gfield_label' for='input_5_7' >Email<span class='gfield_required'>*<\/span><\/label><div class='ginput_container ginput_container_email'>\n                            <input name='input_7' id='input_5_7' type='text' value='' class='medium'     aria-required=\"true\" aria-invalid=\"false\"\/>\n                        <\/div><\/li><li id='field_5_8'  class='gfield gf_left_third gfield_contains_required field_sublabel_below field_description_below gfield_visibility_visible' ><label class='gfield_label' for='input_5_8' >Ch\u1ee9ng ch\u1ec9 qu\u1ed1c t\u1ebf<span class='gfield_required'>*<\/span><\/label><div class='ginput_container ginput_container_select'><select name='input_8' id='input_5_8'  class='medium gfield_select'   aria-required=\"true\" aria-invalid=\"false\"><option value='IELTS' >IELTS<\/option><option value='TOEFL iBT' >TOEFL iBT<\/option><option value='TOEIC' >TOEIC<\/option><\/select><\/div><\/li><li id='field_5_9'  class='gfield gf_middle_third gfield_contains_required field_sublabel_below field_description_below gfield_visibility_visible' ><label class='gfield_label' for='input_5_9' >\u0110\u1ea1t \u0111i\u1ec3m<span class='gfield_required'>*<\/span><\/label><div class='ginput_container ginput_container_text'><input name='input_9' id='input_5_9' type='text' value='' class='medium'     aria-required=\"true\" aria-invalid=\"false\" \/><\/div><\/li><li id='field_5_10'  class='gfield gf_right_third gfield_contains_required field_sublabel_below field_description_below gfield_visibility_visible' ><label class='gfield_label' for='input_5_10' >Ng\u00e0y c\u1ea5p<span class='gfield_required'>*<\/span><\/label><div class='ginput_container ginput_container_date'>\n                            <input name='input_10' id='input_5_10' type='text' value='' class='datepicker medium dmy datepicker_with_icon'   \/>\n                        <\/div>\n                        <input type='hidden' id='gforms_calendar_icon_input_5_10' class='gform_hidden' value='https:\/\/nnkt.ueh.edu.vn\/wp-content\/plugins\/gravityforms\/images\/calendar.png'\/><\/li><li id='field_5_13'  class='gfield gsection field_sublabel_below field_description_below gfield_visibility_visible' ><h2 class='gsection_title'>\u0110\u1ec1 ngh\u1ecb \u0111\u01b0\u1ee3c x\u00e9t mi\u1ec5n h\u1ecdc<\/h2><\/li><li id='field_5_11'  class='gfield gf_left_half field_sublabel_below field_description_below gfield_visibility_visible' ><label class='gfield_label'  >H\u1ecdc ph\u1ea7n 1<\/label><div class='ginput_container ginput_container_checkbox'><ul class='gfield_checkbox' id='input_5_11'><li class='gchoice_5_11_1'>\n\t\t\t\t\t\t\t\t<input name='input_11.1' type='checkbox'  value='1'  id='choice_5_11_1'   \/>\n\t\t\t\t\t\t\t\t<label for='choice_5_11_1' id='label_5_11_1'><\/label>\n\t\t\t\t\t\t\t<\/li><\/ul><\/div><\/li><li id='field_5_16'  class='gfield gf_right_half field_sublabel_below field_description_below gfield_visibility_visible' ><label class='gfield_label'  >H\u1ecdc ph\u1ea7n 2<\/label><div class='ginput_container ginput_container_checkbox'><ul class='gfield_checkbox' id='input_5_16'><li class='gchoice_5_16_1'>\n\t\t\t\t\t\t\t\t<input name='input_16.1' type='checkbox'  value='1'  id='choice_5_16_1'   \/>\n\t\t\t\t\t\t\t\t<label for='choice_5_16_1' id='label_5_16_1'><\/label>\n\t\t\t\t\t\t\t<\/li><\/ul><\/div><\/li><li id='field_5_15'  class='gfield gf_left_half field_sublabel_below field_description_below gfield_visibility_visible' ><label class='gfield_label'  >H\u1ecdc ph\u1ea7n 3<\/label><div class='ginput_container ginput_container_checkbox'><ul class='gfield_checkbox' id='input_5_15'><li class='gchoice_5_15_1'>\n\t\t\t\t\t\t\t\t<input name='input_15.1' type='checkbox'  value='1'  id='choice_5_15_1'   \/>\n\t\t\t\t\t\t\t\t<label for='choice_5_15_1' id='label_5_15_1'><\/label>\n\t\t\t\t\t\t\t<\/li><\/ul><\/div><\/li><li id='field_5_17'  class='gfield gf_left_half field_sublabel_below field_description_below gfield_visibility_visible' ><label class='gfield_label'  >H\u1ecdc ph\u1ea7n 4<\/label><div class='ginput_container ginput_container_checkbox'><ul class='gfield_checkbox' id='input_5_17'><li class='gchoice_5_17_1'>\n\t\t\t\t\t\t\t\t<input name='input_17.1' type='checkbox'  value='1'  id='choice_5_17_1'   \/>\n\t\t\t\t\t\t\t\t<label for='choice_5_17_1' id='label_5_17_1'><\/label>\n\t\t\t\t\t\t\t<\/li><\/ul><\/div><\/li><li id='field_5_12'  class='gfield field_sublabel_below field_description_below gfield_visibility_visible' ><label class='gfield_label' for='input_5_12' >CAPTCHA<\/label><div id='input_5_12' class='ginput_container ginput_recaptcha' data-sitekey='6LeCiCATAAAAAEZB0e3XqLmltWbq9SP3zABp5dkp'  data-theme='light' data-tabindex='0'><\/div><\/li><li id='field_5_18'  class='gfield gform_validation_container field_sublabel_below field_description_below gfield_visibility_visible' ><label class='gfield_label' for='input_5_18' >Comments<\/label><div class='ginput_container'><input name='input_18' id='input_5_18' type='text' value='' \/><\/div><div class='gfield_description'>This field is for validation purposes and should be left unchanged.<\/div><\/li>\n                            <\/ul><\/div>\n        <div class='gform_footer left_label'> <input type='submit' id='gform_submit_button_5' class='gform_button button' value='Submit' tabindex='1' onclick='if(window[\"gf_submitting_5\"]){return false;}  window[\"gf_submitting_5\"]=true;  ' onkeypress='if( event.keyCode == 13 ){ if(window[\"gf_submitting_5\"]){return false;} window[\"gf_submitting_5\"]=true;  jQuery(\"#gform_5\").trigger(\"submit\",[true]); }' \/> <a href='javascript:void(0);' id='gform_save_5_link' class='gform_save_link' tabindex='2' onclick='if(window[\"gf_submitting_5\"]){return false;}  window[\"gf_submitting_5\"]=true; jQuery(\"#gform_save_5\").val(1); jQuery(\"#gform_5\").trigger(\"submit\",[true]);' onkeypress='if( event.keyCode == 13 ){ if(window[\"gf_submitting_5\"]){return false;} window[\"gf_submitting_5\"]=true; jQuery(\"#gform_save_5\").val(1); jQuery(\"#gform_5\").trigger(\"submit\",[true]); }'>Save and Continue Later<\/a>\n            <input type='hidden' class='gform_hidden' name='is_submit_5' value='1' \/>\n            <input type='hidden' class='gform_hidden' name='gform_submit' value='5' \/>\n            <input type='hidden' class='gform_hidden' name='gform_save' id='gform_save_5' value='' \/>\n                             <input type='hidden' class='gform_hidden' name='gform_resume_token' id='gform_resume_token_5' value='' \/>\n            <input type='hidden' class='gform_hidden' name='gform_unique_id' value='' \/>\n            <input type='hidden' class='gform_hidden' name='state_5' value='WyJbXSIsIjdjOGUwMjAwNGUxM2UwYzIwNWRlNDYwZTAzNjViOGU0Il0=' \/>\n            <input type='hidden' class='gform_hidden' name='gform_target_page_number_5' id='gform_target_page_number_5' value='0' \/>\n            <input type='hidden' class='gform_hidden' name='gform_source_page_number_5' id='gform_source_page_number_5' value='1' \/>\n            <input type='hidden' name='gform_field_values' value='' \/>\n            \n        <\/div>\n                        <p style=\"display: none !important;\" class=\"akismet-fields-container\" data-prefix=\"ak_\"><label>&#916;<textarea name=\"ak_hp_textarea\" cols=\"45\" rows=\"8\" maxlength=\"100\"><\/textarea><\/label><input type=\"hidden\" id=\"ak_js_1\" name=\"ak_js\" value=\"7\"\/><script>document.getElementById( \"ak_js_1\" ).setAttribute( \"value\", ( new Date() ).getTime() );<\/script><\/p><\/form>\n                        <\/div><script type='text\/javascript'> if(typeof gf_global == 'undefined') var gf_global = {\"gf_currency_config\":{\"name\":\"U.S. Dollar\",\"symbol_left\":\"$\",\"symbol_right\":\"\",\"symbol_padding\":\"\",\"thousand_separator\":\",\",\"decimal_separator\":\".\",\"decimals\":2},\"base_url\":\"https:\\\/\\\/nnkt.ueh.edu.vn\\\/wp-content\\\/plugins\\\/gravityforms\",\"number_formats\":[],\"spinnerUrl\":\"https:\\\/\\\/nnkt.ueh.edu.vn\\\/wp-content\\\/plugins\\\/gravityforms\\\/images\\\/spinner.gif\"};jQuery(document).bind('gform_post_render', function(event, formId, currentPage){if(formId == 5) {jQuery('#gform_save_5').val('');if(typeof Placeholders != 'undefined'){\n                        Placeholders.enable();\n                    }} } );jQuery(document).bind('gform_post_conditional_logic', function(event, formId, fields, isInit){} );<\/script><script type='text\/javascript'> jQuery(document).ready(function(){jQuery(document).trigger('gform_post_render', [5, 1]) } ); <\/script>\n","protected":false},"excerpt":{"rendered":"","protected":false},"author":1,"featured_media":0,"parent":0,"menu_order":0,"comment_status":"closed","ping_status":"closed","template":"","meta":{"pgc_meta":"","_uag_custom_page_level_css":""},"pgc_meta":"","uagb_featured_image_src":{"full":false,"thumbnail":false,"medium":false,"medium_large":false,"large":false,"1536x1536":false,"2048x2048":false,"post-thumbnail":false,"vantage-thumbnail-no-sidebar":false,"vantage-slide":false,"vantage-carousel":false,"vantage-grid-loop":false,"yarpp-thumbnail":false,"sow-carousel-default":false,"sow-blog-portfolio":false,"sow-blog-grid":false,"sow-blog-alternate":false,"sow-post-carousel-overlay-theme":false},"uagb_author_info":{"display_name":"vdphuoc","author_link":"https:\/\/nnkt.ueh.edu.vn\/index.php\/author\/vdphuoc\/"},"uagb_comment_info":0,"uagb_excerpt":null,"_links":{"self":[{"href":"https:\/\/nnkt.ueh.edu.vn\/index.php\/wp-json\/wp\/v2\/pages\/8948"}],"collection":[{"href":"https:\/\/nnkt.ueh.edu.vn\/index.php\/wp-json\/wp\/v2\/pages"}],"about":[{"href":"https:\/\/nnkt.ueh.edu.vn\/index.php\/wp-json\/wp\/v2\/types\/page"}],"author":[{"embeddable":true,"href":"https:\/\/nnkt.ueh.edu.vn\/index.php\/wp-json\/wp\/v2\/users\/1"}],"replies":[{"embeddable":true,"href":"https:\/\/nnkt.ueh.edu.vn\/index.php\/wp-json\/wp\/v2\/comments?post=8948"}],"version-history":[{"count":0,"href":"https:\/\/nnkt.ueh.edu.vn\/index.php\/wp-json\/wp\/v2\/pages\/8948\/revisions"}],"wp:attachment":[{"href":"https:\/\/nnkt.ueh.edu.vn\/index.php\/wp-json\/wp\/v2\/media?parent=8948"}],"curies":[{"name":"wp","href":"https:\/\/api.w.org\/{rel}","templated":true}]}}